{"id":1201,"date":"2025-04-15T13:57:23","date_gmt":"2025-04-15T13:57:23","guid":{"rendered":"https:\/\/varenna.visitlakecomo.info\/shops-services"},"modified":"2025-06-17T09:27:58","modified_gmt":"2025-06-17T09:27:58","slug":"shops-services","status":"publish","type":"page","link":"https:\/\/varenna.visitlakecomo.info\/de\/shops-services","title":{"rendered":"Shops &#038; Services"},"content":{"rendered":"<p>Suchen Sie die besten <b>Restaurants<\/b>, <b>Bars<\/b> oder <b>Eisdielen <\/b>in <b>Varenna<\/b>? M\u00f6chten Sie die besten Tipps f\u00fcrs <b>Shopping<\/b>? Dann sind Sie hier genau richtig \u2013 wir haben die Highlights f\u00fcr Sie ausgew\u00e4hlt!<\/p>","protected":false},"excerpt":{"rendered":"<p>Suchen Sie die besten Restaurants, Bars oder Eisdielen in Varenna? M\u00f6chten Sie die besten Tipps f\u00fcrs Shopping? Dann sind Sie hier genau richtig \u2013 wir haben die Highlights f\u00fcr Sie ausgew\u00e4hlt!<\/p>\n","protected":false},"author":1,"featured_media":0,"parent":0,"menu_order":0,"comment_status":"closed","ping_status":"closed","template":"page-templates\/smistamento_imprese.php","meta":{"_acf_changed":false,"inline_featured_image":false,"footnotes":""},"class_list":["post-1201","page","type-page","status-publish","hentry"],"acf":[],"yoast_head":"<!-- This site is optimized with the Yoast SEO plugin v25.2 - https:\/\/yoast.com\/wordpress\/plugins\/seo\/ -->\n<title>Unternehmen in Varenna: Gesch\u00e4fte &amp; Gastronomie - Entdecke Varenna<\/title>\n<meta name=\"description\" content=\"Entdecken Sie die beste Auswahl an Aktivit\u00e4ten, Gesch\u00e4ften &amp; Services in Varenna am Comer See!\" \/>\n<meta name=\"robots\" content=\"index, follow, max-snippet:-1, max-image-preview:large, max-video-preview:-1\" \/>\n<link rel=\"canonical\" href=\"https:\/\/varenna.visitlakecomo.info\/de\/shops-services\" \/>\n<meta property=\"og:locale\" content=\"de_DE\" \/>\n<meta property=\"og:type\" content=\"article\" \/>\n<meta property=\"og:title\" content=\"Unternehmen in Varenna: Gesch\u00e4fte &amp; Gastronomie - Entdecke Varenna\" \/>\n<meta property=\"og:description\" content=\"Entdecken Sie die beste Auswahl an Aktivit\u00e4ten, Gesch\u00e4ften &amp; Services in Varenna am Comer See!\" \/>\n<meta property=\"og:url\" content=\"https:\/\/varenna.visitlakecomo.info\/de\/shops-services\" \/>\n<meta property=\"og:site_name\" content=\"Visit Varenna\" \/>\n<meta property=\"article:modified_time\" content=\"2025-06-17T09:27:58+00:00\" \/>\n<meta name=\"twitter:card\" content=\"summary_large_image\" \/>\n<script type=\"application\/ld+json\" class=\"yoast-schema-graph\">{\"@context\":\"https:\/\/schema.org\",\"@graph\":[{\"@type\":\"WebPage\",\"@id\":\"https:\/\/varenna.visitlakecomo.info\/de\/shops-services\",\"url\":\"https:\/\/varenna.visitlakecomo.info\/de\/shops-services\",\"name\":\"Unternehmen in Varenna: Gesch\u00e4fte & Gastronomie - Entdecke Varenna\",\"isPartOf\":{\"@id\":\"https:\/\/varenna.visitlakecomo.info\/#website\"},\"datePublished\":\"2025-04-15T13:57:23+00:00\",\"dateModified\":\"2025-06-17T09:27:58+00:00\",\"description\":\"Entdecken Sie die beste Auswahl an Aktivit\u00e4ten, Gesch\u00e4ften & Services in Varenna am Comer See!\",\"breadcrumb\":{\"@id\":\"https:\/\/varenna.visitlakecomo.info\/de\/shops-services#breadcrumb\"},\"inLanguage\":\"de\",\"potentialAction\":[{\"@type\":\"ReadAction\",\"target\":[\"https:\/\/varenna.visitlakecomo.info\/de\/shops-services\"]}]},{\"@type\":\"BreadcrumbList\",\"@id\":\"https:\/\/varenna.visitlakecomo.info\/de\/shops-services#breadcrumb\",\"itemListElement\":[{\"@type\":\"ListItem\",\"position\":1,\"name\":\"Home\",\"item\":\"https:\/\/varenna.visitlakecomo.info\/de\"},{\"@type\":\"ListItem\",\"position\":2,\"name\":\"Shops &#038; Services\"}]},{\"@type\":\"WebSite\",\"@id\":\"https:\/\/varenna.visitlakecomo.info\/#website\",\"url\":\"https:\/\/varenna.visitlakecomo.info\/\",\"name\":\"Visit Varenna\",\"description\":\"\",\"potentialAction\":[{\"@type\":\"SearchAction\",\"target\":{\"@type\":\"EntryPoint\",\"urlTemplate\":\"https:\/\/varenna.visitlakecomo.info\/?s={search_term_string}\"},\"query-input\":{\"@type\":\"PropertyValueSpecification\",\"valueRequired\":true,\"valueName\":\"search_term_string\"}}],\"inLanguage\":\"de\"}]}<\/script>\n<!-- \/ Yoast SEO plugin. -->","yoast_head_json":{"title":"Unternehmen in Varenna: Gesch\u00e4fte & Gastronomie - Entdecke Varenna","description":"Entdecken Sie die beste Auswahl an Aktivit\u00e4ten, Gesch\u00e4ften & Services in Varenna am Comer See!","robots":{"index":"index","follow":"follow","max-snippet":"max-snippet:-1","max-image-preview":"max-image-preview:large","max-video-preview":"max-video-preview:-1"},"canonical":"https:\/\/varenna.visitlakecomo.info\/de\/shops-services","og_locale":"de_DE","og_type":"article","og_title":"Unternehmen in Varenna: Gesch\u00e4fte & Gastronomie - Entdecke Varenna","og_description":"Entdecken Sie die beste Auswahl an Aktivit\u00e4ten, Gesch\u00e4ften & Services in Varenna am Comer See!","og_url":"https:\/\/varenna.visitlakecomo.info\/de\/shops-services","og_site_name":"Visit Varenna","article_modified_time":"2025-06-17T09:27:58+00:00","twitter_card":"summary_large_image","schema":{"@context":"https:\/\/schema.org","@graph":[{"@type":"WebPage","@id":"https:\/\/varenna.visitlakecomo.info\/de\/shops-services","url":"https:\/\/varenna.visitlakecomo.info\/de\/shops-services","name":"Unternehmen in Varenna: Gesch\u00e4fte & Gastronomie - Entdecke Varenna","isPartOf":{"@id":"https:\/\/varenna.visitlakecomo.info\/#website"},"datePublished":"2025-04-15T13:57:23+00:00","dateModified":"2025-06-17T09:27:58+00:00","description":"Entdecken Sie die beste Auswahl an Aktivit\u00e4ten, Gesch\u00e4ften & Services in Varenna am Comer See!","breadcrumb":{"@id":"https:\/\/varenna.visitlakecomo.info\/de\/shops-services#breadcrumb"},"inLanguage":"de","potentialAction":[{"@type":"ReadAction","target":["https:\/\/varenna.visitlakecomo.info\/de\/shops-services"]}]},{"@type":"BreadcrumbList","@id":"https:\/\/varenna.visitlakecomo.info\/de\/shops-services#breadcrumb","itemListElement":[{"@type":"ListItem","position":1,"name":"Home","item":"https:\/\/varenna.visitlakecomo.info\/de"},{"@type":"ListItem","position":2,"name":"Shops &#038; Services"}]},{"@type":"WebSite","@id":"https:\/\/varenna.visitlakecomo.info\/#website","url":"https:\/\/varenna.visitlakecomo.info\/","name":"Visit Varenna","description":"","potentialAction":[{"@type":"SearchAction","target":{"@type":"EntryPoint","urlTemplate":"https:\/\/varenna.visitlakecomo.info\/?s={search_term_string}"},"query-input":{"@type":"PropertyValueSpecification","valueRequired":true,"valueName":"search_term_string"}}],"inLanguage":"de"}]}},"_links":{"self":[{"href":"https:\/\/varenna.visitlakecomo.info\/de\/wp-json\/wp\/v2\/pages\/1201","targetHints":{"allow":["GET"]}}],"collection":[{"href":"https:\/\/varenna.visitlakecomo.info\/de\/wp-json\/wp\/v2\/pages"}],"about":[{"href":"https:\/\/varenna.visitlakecomo.info\/de\/wp-json\/wp\/v2\/types\/page"}],"author":[{"embeddable":true,"href":"https:\/\/varenna.visitlakecomo.info\/de\/wp-json\/wp\/v2\/users\/1"}],"replies":[{"embeddable":true,"href":"https:\/\/varenna.visitlakecomo.info\/de\/wp-json\/wp\/v2\/comments?post=1201"}],"version-history":[{"count":1,"href":"https:\/\/varenna.visitlakecomo.info\/de\/wp-json\/wp\/v2\/pages\/1201\/revisions"}],"predecessor-version":[{"id":1202,"href":"https:\/\/varenna.visitlakecomo.info\/de\/wp-json\/wp\/v2\/pages\/1201\/revisions\/1202"}],"wp:attachment":[{"href":"https:\/\/varenna.visitlakecomo.info\/de\/wp-json\/wp\/v2\/media?parent=1201"}],"curies":[{"name":"wp","href":"https:\/\/api.w.org\/{rel}","templated":true}]}}