{"id":1219,"date":"2025-05-19T15:22:09","date_gmt":"2025-05-19T15:22:09","guid":{"rendered":"https:\/\/varenna.visitlakecomo.info\/region\/burg-vezio"},"modified":"2025-06-17T09:27:59","modified_gmt":"2025-06-17T09:27:59","slug":"burg-vezio","status":"publish","type":"page","link":"https:\/\/varenna.visitlakecomo.info\/de\/region\/burg-vezio","title":{"rendered":"Burg Vezio"},"content":{"rendered":"<p>Auf einem <b>H\u00fcgel voller Olivenb\u00e4ume<\/b> und <b>W\u00e4lder<\/b> \u00fcber Varenna gelegen, ist die Burg Vezio eine alte <b>Befestigungsanlage<\/b> aus dem <b>Mittelalter<\/b>, von der noch die zinnenbewehrten <b>T\u00fcrme und Teile der Mauern <\/b>erhalten sind. Die Burg ist <b>heute<\/b> die meiste Zeit des Jahres f\u00fcr die <b>\u00d6ffentlichkeit zug\u00e4nglich<\/b> und vom Dorf aus <b>\u00fcber einen Spaziergang erreichbar.<\/b><\/p>","protected":false},"excerpt":{"rendered":"<p>Auf einem H\u00fcgel voller Olivenb\u00e4ume und W\u00e4lder \u00fcber Varenna gelegen, ist die Burg Vezio eine alte Befestigungsanlage aus dem Mittelalter, von der noch die zinnenbewehrten T\u00fcrme und Teile der Mauern erhalten sind. Die Burg ist heute die meiste Zeit des Jahres f\u00fcr die \u00d6ffentlichkeit zug\u00e4nglich und vom Dorf aus \u00fcber einen Spaziergang erreichbar.<\/p>\n","protected":false},"author":1,"featured_media":0,"parent":1193,"menu_order":0,"comment_status":"closed","ping_status":"closed","template":"page-templates\/pagina_box.php","meta":{"_acf_changed":false,"inline_featured_image":false,"footnotes":""},"class_list":["post-1219","page","type-page","status-publish","hentry"],"acf":[],"yoast_head":"<!-- This site is optimized with the Yoast SEO plugin v25.2 - https:\/\/yoast.com\/wordpress\/plugins\/seo\/ -->\n<title>Burg Vezio in Varenna: alte mittelalterliche Festung<\/title>\n<meta name=\"description\" content=\"Erkunden Sie Burg Vezio in Varenna, eine alte begehbare mittelalterliche Festung, und entdecken Sie die Geister von Vezio.\" \/>\n<meta name=\"robots\" content=\"index, follow, max-snippet:-1, max-image-preview:large, max-video-preview:-1\" \/>\n<link rel=\"canonical\" href=\"https:\/\/varenna.visitlakecomo.info\/de\/region\/burg-vezio\" \/>\n<meta property=\"og:locale\" content=\"de_DE\" \/>\n<meta property=\"og:type\" content=\"article\" \/>\n<meta property=\"og:title\" content=\"Burg Vezio in Varenna: alte mittelalterliche Festung\" \/>\n<meta property=\"og:description\" content=\"Erkunden Sie Burg Vezio in Varenna, eine alte begehbare mittelalterliche Festung, und entdecken Sie die Geister von Vezio.\" \/>\n<meta property=\"og:url\" content=\"https:\/\/varenna.visitlakecomo.info\/de\/region\/burg-vezio\" \/>\n<meta property=\"og:site_name\" content=\"Visit Varenna\" \/>\n<meta property=\"article:modified_time\" content=\"2025-06-17T09:27:59+00:00\" \/>\n<meta name=\"twitter:card\" content=\"summary_large_image\" \/>\n<script type=\"application\/ld+json\" class=\"yoast-schema-graph\">{\"@context\":\"https:\/\/schema.org\",\"@graph\":[{\"@type\":\"WebPage\",\"@id\":\"https:\/\/varenna.visitlakecomo.info\/de\/region\/burg-vezio\",\"url\":\"https:\/\/varenna.visitlakecomo.info\/de\/region\/burg-vezio\",\"name\":\"Burg Vezio in Varenna: alte mittelalterliche Festung\",\"isPartOf\":{\"@id\":\"https:\/\/varenna.visitlakecomo.info\/#website\"},\"datePublished\":\"2025-05-19T15:22:09+00:00\",\"dateModified\":\"2025-06-17T09:27:59+00:00\",\"description\":\"Erkunden Sie Burg Vezio in Varenna, eine alte begehbare mittelalterliche Festung, und entdecken Sie die Geister von Vezio.\",\"breadcrumb\":{\"@id\":\"https:\/\/varenna.visitlakecomo.info\/de\/region\/burg-vezio#breadcrumb\"},\"inLanguage\":\"de\",\"potentialAction\":[{\"@type\":\"ReadAction\",\"target\":[\"https:\/\/varenna.visitlakecomo.info\/de\/region\/burg-vezio\"]}]},{\"@type\":\"BreadcrumbList\",\"@id\":\"https:\/\/varenna.visitlakecomo.info\/de\/region\/burg-vezio#breadcrumb\",\"itemListElement\":[{\"@type\":\"ListItem\",\"position\":1,\"name\":\"Home\",\"item\":\"https:\/\/varenna.visitlakecomo.info\/de\"},{\"@type\":\"ListItem\",\"position\":2,\"name\":\"Region\",\"item\":\"https:\/\/varenna.visitlakecomo.info\/de\/region\"},{\"@type\":\"ListItem\",\"position\":3,\"name\":\"Burg Vezio\"}]},{\"@type\":\"WebSite\",\"@id\":\"https:\/\/varenna.visitlakecomo.info\/#website\",\"url\":\"https:\/\/varenna.visitlakecomo.info\/\",\"name\":\"Visit Varenna\",\"description\":\"\",\"potentialAction\":[{\"@type\":\"SearchAction\",\"target\":{\"@type\":\"EntryPoint\",\"urlTemplate\":\"https:\/\/varenna.visitlakecomo.info\/?s={search_term_string}\"},\"query-input\":{\"@type\":\"PropertyValueSpecification\",\"valueRequired\":true,\"valueName\":\"search_term_string\"}}],\"inLanguage\":\"de\"}]}<\/script>\n<!-- \/ Yoast SEO plugin. -->","yoast_head_json":{"title":"Burg Vezio in Varenna: alte mittelalterliche Festung","description":"Erkunden Sie Burg Vezio in Varenna, eine alte begehbare mittelalterliche Festung, und entdecken Sie die Geister von Vezio.","robots":{"index":"index","follow":"follow","max-snippet":"max-snippet:-1","max-image-preview":"max-image-preview:large","max-video-preview":"max-video-preview:-1"},"canonical":"https:\/\/varenna.visitlakecomo.info\/de\/region\/burg-vezio","og_locale":"de_DE","og_type":"article","og_title":"Burg Vezio in Varenna: alte mittelalterliche Festung","og_description":"Erkunden Sie Burg Vezio in Varenna, eine alte begehbare mittelalterliche Festung, und entdecken Sie die Geister von Vezio.","og_url":"https:\/\/varenna.visitlakecomo.info\/de\/region\/burg-vezio","og_site_name":"Visit Varenna","article_modified_time":"2025-06-17T09:27:59+00:00","twitter_card":"summary_large_image","schema":{"@context":"https:\/\/schema.org","@graph":[{"@type":"WebPage","@id":"https:\/\/varenna.visitlakecomo.info\/de\/region\/burg-vezio","url":"https:\/\/varenna.visitlakecomo.info\/de\/region\/burg-vezio","name":"Burg Vezio in Varenna: alte mittelalterliche Festung","isPartOf":{"@id":"https:\/\/varenna.visitlakecomo.info\/#website"},"datePublished":"2025-05-19T15:22:09+00:00","dateModified":"2025-06-17T09:27:59+00:00","description":"Erkunden Sie Burg Vezio in Varenna, eine alte begehbare mittelalterliche Festung, und entdecken Sie die Geister von Vezio.","breadcrumb":{"@id":"https:\/\/varenna.visitlakecomo.info\/de\/region\/burg-vezio#breadcrumb"},"inLanguage":"de","potentialAction":[{"@type":"ReadAction","target":["https:\/\/varenna.visitlakecomo.info\/de\/region\/burg-vezio"]}]},{"@type":"BreadcrumbList","@id":"https:\/\/varenna.visitlakecomo.info\/de\/region\/burg-vezio#breadcrumb","itemListElement":[{"@type":"ListItem","position":1,"name":"Home","item":"https:\/\/varenna.visitlakecomo.info\/de"},{"@type":"ListItem","position":2,"name":"Region","item":"https:\/\/varenna.visitlakecomo.info\/de\/region"},{"@type":"ListItem","position":3,"name":"Burg Vezio"}]},{"@type":"WebSite","@id":"https:\/\/varenna.visitlakecomo.info\/#website","url":"https:\/\/varenna.visitlakecomo.info\/","name":"Visit Varenna","description":"","potentialAction":[{"@type":"SearchAction","target":{"@type":"EntryPoint","urlTemplate":"https:\/\/varenna.visitlakecomo.info\/?s={search_term_string}"},"query-input":{"@type":"PropertyValueSpecification","valueRequired":true,"valueName":"search_term_string"}}],"inLanguage":"de"}]}},"_links":{"self":[{"href":"https:\/\/varenna.visitlakecomo.info\/de\/wp-json\/wp\/v2\/pages\/1219","targetHints":{"allow":["GET"]}}],"collection":[{"href":"https:\/\/varenna.visitlakecomo.info\/de\/wp-json\/wp\/v2\/pages"}],"about":[{"href":"https:\/\/varenna.visitlakecomo.info\/de\/wp-json\/wp\/v2\/types\/page"}],"author":[{"embeddable":true,"href":"https:\/\/varenna.visitlakecomo.info\/de\/wp-json\/wp\/v2\/users\/1"}],"replies":[{"embeddable":true,"href":"https:\/\/varenna.visitlakecomo.info\/de\/wp-json\/wp\/v2\/comments?post=1219"}],"version-history":[{"count":1,"href":"https:\/\/varenna.visitlakecomo.info\/de\/wp-json\/wp\/v2\/pages\/1219\/revisions"}],"predecessor-version":[{"id":1220,"href":"https:\/\/varenna.visitlakecomo.info\/de\/wp-json\/wp\/v2\/pages\/1219\/revisions\/1220"}],"up":[{"embeddable":true,"href":"https:\/\/varenna.visitlakecomo.info\/de\/wp-json\/wp\/v2\/pages\/1193"}],"wp:attachment":[{"href":"https:\/\/varenna.visitlakecomo.info\/de\/wp-json\/wp\/v2\/media?parent=1219"}],"curies":[{"name":"wp","href":"https:\/\/api.w.org\/{rel}","templated":true}]}}