{"id":1235,"date":"2025-04-15T13:51:25","date_gmt":"2025-04-15T13:51:25","guid":{"rendered":"https:\/\/varenna.visitlakecomo.info\/territorio"},"modified":"2025-06-17T09:28:17","modified_gmt":"2025-06-17T09:28:17","slug":"territorio","status":"publish","type":"page","link":"https:\/\/varenna.visitlakecomo.info\/es\/territorio","title":{"rendered":"Territorio"},"content":{"rendered":"<p>Varenna tiene mil facetas: art\u00edstica y paisaj\u00edstica; rom\u00e1ntica y elegante; natural y activa. Aqu\u00ed te contamos <b>qu\u00e9 ver en Varenna<\/b> para disfrutarla <b>en cualquier \u00e9poca del a\u00f1o.<\/b><\/p>","protected":false},"excerpt":{"rendered":"<p>Varenna tiene mil facetas: art\u00edstica y paisaj\u00edstica; rom\u00e1ntica y elegante; natural y activa. Aqu\u00ed te contamos qu\u00e9 ver en Varenna para disfrutarla en cualquier \u00e9poca del a\u00f1o.<\/p>\n","protected":false},"author":1,"featured_media":0,"parent":0,"menu_order":0,"comment_status":"closed","ping_status":"closed","template":"page-templates\/pagina_box.php","meta":{"_acf_changed":false,"inline_featured_image":false,"footnotes":""},"class_list":["post-1235","page","type-page","status-publish","hentry"],"acf":[],"yoast_head":"<!-- This site is optimized with the Yoast SEO plugin v25.2 - https:\/\/yoast.com\/wordpress\/plugins\/seo\/ -->\n<title>Varenna: territorio, villas y pueblo en el lago de Como - Visit Varenna<\/title>\n<meta name=\"description\" content=\"Explora Varenna: villas hist\u00f3ricas como Monastero y Cipressi, el Paseo de los Enamorados y el Castillo de Vezio.\" \/>\n<meta name=\"robots\" content=\"index, follow, max-snippet:-1, max-image-preview:large, max-video-preview:-1\" \/>\n<link rel=\"canonical\" href=\"https:\/\/varenna.visitlakecomo.info\/es\/territorio\" \/>\n<meta property=\"og:locale\" content=\"es_ES\" \/>\n<meta property=\"og:type\" content=\"article\" \/>\n<meta property=\"og:title\" content=\"Varenna: territorio, villas y pueblo en el lago de Como - Visit Varenna\" \/>\n<meta property=\"og:description\" content=\"Explora Varenna: villas hist\u00f3ricas como Monastero y Cipressi, el Paseo de los Enamorados y el Castillo de Vezio.\" \/>\n<meta property=\"og:url\" content=\"https:\/\/varenna.visitlakecomo.info\/es\/territorio\" \/>\n<meta property=\"og:site_name\" content=\"Visit Varenna\" \/>\n<meta property=\"article:modified_time\" content=\"2025-06-17T09:28:17+00:00\" \/>\n<meta name=\"twitter:card\" content=\"summary_large_image\" \/>\n<script type=\"application\/ld+json\" class=\"yoast-schema-graph\">{\"@context\":\"https:\/\/schema.org\",\"@graph\":[{\"@type\":\"WebPage\",\"@id\":\"https:\/\/varenna.visitlakecomo.info\/es\/territorio\",\"url\":\"https:\/\/varenna.visitlakecomo.info\/es\/territorio\",\"name\":\"Varenna: territorio, villas y pueblo en el lago de Como - Visit Varenna\",\"isPartOf\":{\"@id\":\"https:\/\/varenna.visitlakecomo.info\/#website\"},\"datePublished\":\"2025-04-15T13:51:25+00:00\",\"dateModified\":\"2025-06-17T09:28:17+00:00\",\"description\":\"Explora Varenna: villas hist\u00f3ricas como Monastero y Cipressi, el Paseo de los Enamorados y el Castillo de Vezio.\",\"breadcrumb\":{\"@id\":\"https:\/\/varenna.visitlakecomo.info\/es\/territorio#breadcrumb\"},\"inLanguage\":\"es\",\"potentialAction\":[{\"@type\":\"ReadAction\",\"target\":[\"https:\/\/varenna.visitlakecomo.info\/es\/territorio\"]}]},{\"@type\":\"BreadcrumbList\",\"@id\":\"https:\/\/varenna.visitlakecomo.info\/es\/territorio#breadcrumb\",\"itemListElement\":[{\"@type\":\"ListItem\",\"position\":1,\"name\":\"Home\",\"item\":\"https:\/\/varenna.visitlakecomo.info\/es\"},{\"@type\":\"ListItem\",\"position\":2,\"name\":\"Territorio\"}]},{\"@type\":\"WebSite\",\"@id\":\"https:\/\/varenna.visitlakecomo.info\/#website\",\"url\":\"https:\/\/varenna.visitlakecomo.info\/\",\"name\":\"Visit Varenna\",\"description\":\"\",\"potentialAction\":[{\"@type\":\"SearchAction\",\"target\":{\"@type\":\"EntryPoint\",\"urlTemplate\":\"https:\/\/varenna.visitlakecomo.info\/?s={search_term_string}\"},\"query-input\":{\"@type\":\"PropertyValueSpecification\",\"valueRequired\":true,\"valueName\":\"search_term_string\"}}],\"inLanguage\":\"es\"}]}<\/script>\n<!-- \/ Yoast SEO plugin. -->","yoast_head_json":{"title":"Varenna: territorio, villas y pueblo en el lago de Como - Visit Varenna","description":"Explora Varenna: villas hist\u00f3ricas como Monastero y Cipressi, el Paseo de los Enamorados y el Castillo de Vezio.","robots":{"index":"index","follow":"follow","max-snippet":"max-snippet:-1","max-image-preview":"max-image-preview:large","max-video-preview":"max-video-preview:-1"},"canonical":"https:\/\/varenna.visitlakecomo.info\/es\/territorio","og_locale":"es_ES","og_type":"article","og_title":"Varenna: territorio, villas y pueblo en el lago de Como - Visit Varenna","og_description":"Explora Varenna: villas hist\u00f3ricas como Monastero y Cipressi, el Paseo de los Enamorados y el Castillo de Vezio.","og_url":"https:\/\/varenna.visitlakecomo.info\/es\/territorio","og_site_name":"Visit Varenna","article_modified_time":"2025-06-17T09:28:17+00:00","twitter_card":"summary_large_image","schema":{"@context":"https:\/\/schema.org","@graph":[{"@type":"WebPage","@id":"https:\/\/varenna.visitlakecomo.info\/es\/territorio","url":"https:\/\/varenna.visitlakecomo.info\/es\/territorio","name":"Varenna: territorio, villas y pueblo en el lago de Como - Visit Varenna","isPartOf":{"@id":"https:\/\/varenna.visitlakecomo.info\/#website"},"datePublished":"2025-04-15T13:51:25+00:00","dateModified":"2025-06-17T09:28:17+00:00","description":"Explora Varenna: villas hist\u00f3ricas como Monastero y Cipressi, el Paseo de los Enamorados y el Castillo de Vezio.","breadcrumb":{"@id":"https:\/\/varenna.visitlakecomo.info\/es\/territorio#breadcrumb"},"inLanguage":"es","potentialAction":[{"@type":"ReadAction","target":["https:\/\/varenna.visitlakecomo.info\/es\/territorio"]}]},{"@type":"BreadcrumbList","@id":"https:\/\/varenna.visitlakecomo.info\/es\/territorio#breadcrumb","itemListElement":[{"@type":"ListItem","position":1,"name":"Home","item":"https:\/\/varenna.visitlakecomo.info\/es"},{"@type":"ListItem","position":2,"name":"Territorio"}]},{"@type":"WebSite","@id":"https:\/\/varenna.visitlakecomo.info\/#website","url":"https:\/\/varenna.visitlakecomo.info\/","name":"Visit Varenna","description":"","potentialAction":[{"@type":"SearchAction","target":{"@type":"EntryPoint","urlTemplate":"https:\/\/varenna.visitlakecomo.info\/?s={search_term_string}"},"query-input":{"@type":"PropertyValueSpecification","valueRequired":true,"valueName":"search_term_string"}}],"inLanguage":"es"}]}},"_links":{"self":[{"href":"https:\/\/varenna.visitlakecomo.info\/es\/wp-json\/wp\/v2\/pages\/1235","targetHints":{"allow":["GET"]}}],"collection":[{"href":"https:\/\/varenna.visitlakecomo.info\/es\/wp-json\/wp\/v2\/pages"}],"about":[{"href":"https:\/\/varenna.visitlakecomo.info\/es\/wp-json\/wp\/v2\/types\/page"}],"author":[{"embeddable":true,"href":"https:\/\/varenna.visitlakecomo.info\/es\/wp-json\/wp\/v2\/users\/1"}],"replies":[{"embeddable":true,"href":"https:\/\/varenna.visitlakecomo.info\/es\/wp-json\/wp\/v2\/comments?post=1235"}],"version-history":[{"count":1,"href":"https:\/\/varenna.visitlakecomo.info\/es\/wp-json\/wp\/v2\/pages\/1235\/revisions"}],"predecessor-version":[{"id":1236,"href":"https:\/\/varenna.visitlakecomo.info\/es\/wp-json\/wp\/v2\/pages\/1235\/revisions\/1236"}],"wp:attachment":[{"href":"https:\/\/varenna.visitlakecomo.info\/es\/wp-json\/wp\/v2\/media?parent=1235"}],"curies":[{"name":"wp","href":"https:\/\/api.w.org\/{rel}","templated":true}]}}