{"id":1257,"date":"2025-05-19T15:18:46","date_gmt":"2025-05-19T15:18:46","guid":{"rendered":"https:\/\/varenna.visitlakecomo.info\/territorio\/villa-monastero"},"modified":"2025-06-17T09:28:17","modified_gmt":"2025-06-17T09:28:17","slug":"villa-monastero","status":"publish","type":"page","link":"https:\/\/varenna.visitlakecomo.info\/es\/territorio\/villa-monastero","title":{"rendered":"Villa Monastero"},"content":{"rendered":"<p>Ocho siglos de historia entre arte, naturaleza y gran belleza: <b>Villa Monastero<\/b> se alza sobre las ruinas de un antiguo monasterio cisterciense fundado a finales del siglo XII. Su <b>estilo ecl\u00e9ctico<\/b> es fruto del paso de numerosos propietarios con gustos y estilos diversos. Desde 1953 alberga un <b>Centro de Congresos internacional <\/b>y, desde 2003, la <b>Casa Museo<\/b>: catorce espl\u00e9ndidas salas con su decoraci\u00f3n y mobiliario originales. Est\u00e1 rodeada por un maravilloso <b>jard\u00edn bot\u00e1nico<\/b>, rico en plantas raras y ex\u00f3ticas, que se extiende casi dos kil\u00f3metros a lo largo de la orilla del lago.<\/p>","protected":false},"excerpt":{"rendered":"<p>Ocho siglos de historia entre arte, naturaleza y gran belleza: Villa Monastero se alza sobre las ruinas de un antiguo monasterio cisterciense fundado a finales del siglo XII. Su estilo ecl\u00e9ctico es fruto del paso de numerosos propietarios con gustos y estilos diversos. Desde 1953 alberga un Centro de Congresos internacional y, desde 2003, la &hellip;<\/p>\n","protected":false},"author":1,"featured_media":0,"parent":1235,"menu_order":0,"comment_status":"closed","ping_status":"closed","template":"page-templates\/pagina_box.php","meta":{"_acf_changed":false,"inline_featured_image":false,"footnotes":""},"class_list":["post-1257","page","type-page","status-publish","hentry"],"acf":[],"yoast_head":"<!-- This site is optimized with the Yoast SEO plugin v25.2 - https:\/\/yoast.com\/wordpress\/plugins\/seo\/ -->\n<title>Villa Monastero en Varenna: museo y jard\u00edn bot\u00e1nico<\/title>\n<meta name=\"description\" content=\"Descubre Villa Monastero en Varenna: un joya ecl\u00e9ctica con Casa Museo y un amplio jard\u00edn bot\u00e1nico en el lago de Como.\" \/>\n<meta name=\"robots\" content=\"index, follow, max-snippet:-1, max-image-preview:large, max-video-preview:-1\" \/>\n<link rel=\"canonical\" href=\"https:\/\/varenna.visitlakecomo.info\/es\/territorio\/villa-monastero\" \/>\n<meta property=\"og:locale\" content=\"es_ES\" \/>\n<meta property=\"og:type\" content=\"article\" \/>\n<meta property=\"og:title\" content=\"Villa Monastero en Varenna: museo y jard\u00edn bot\u00e1nico\" \/>\n<meta property=\"og:description\" content=\"Descubre Villa Monastero en Varenna: un joya ecl\u00e9ctica con Casa Museo y un amplio jard\u00edn bot\u00e1nico en el lago de Como.\" \/>\n<meta property=\"og:url\" content=\"https:\/\/varenna.visitlakecomo.info\/es\/territorio\/villa-monastero\" \/>\n<meta property=\"og:site_name\" content=\"Visit Varenna\" \/>\n<meta property=\"article:modified_time\" content=\"2025-06-17T09:28:17+00:00\" \/>\n<meta name=\"twitter:card\" content=\"summary_large_image\" \/>\n<script type=\"application\/ld+json\" class=\"yoast-schema-graph\">{\"@context\":\"https:\/\/schema.org\",\"@graph\":[{\"@type\":\"WebPage\",\"@id\":\"https:\/\/varenna.visitlakecomo.info\/es\/territorio\/villa-monastero\",\"url\":\"https:\/\/varenna.visitlakecomo.info\/es\/territorio\/villa-monastero\",\"name\":\"Villa Monastero en Varenna: museo y jard\u00edn bot\u00e1nico\",\"isPartOf\":{\"@id\":\"https:\/\/varenna.visitlakecomo.info\/#website\"},\"datePublished\":\"2025-05-19T15:18:46+00:00\",\"dateModified\":\"2025-06-17T09:28:17+00:00\",\"description\":\"Descubre Villa Monastero en Varenna: un joya ecl\u00e9ctica con Casa Museo y un amplio jard\u00edn bot\u00e1nico en el lago de Como.\",\"breadcrumb\":{\"@id\":\"https:\/\/varenna.visitlakecomo.info\/es\/territorio\/villa-monastero#breadcrumb\"},\"inLanguage\":\"es\",\"potentialAction\":[{\"@type\":\"ReadAction\",\"target\":[\"https:\/\/varenna.visitlakecomo.info\/es\/territorio\/villa-monastero\"]}]},{\"@type\":\"BreadcrumbList\",\"@id\":\"https:\/\/varenna.visitlakecomo.info\/es\/territorio\/villa-monastero#breadcrumb\",\"itemListElement\":[{\"@type\":\"ListItem\",\"position\":1,\"name\":\"Home\",\"item\":\"https:\/\/varenna.visitlakecomo.info\/es\"},{\"@type\":\"ListItem\",\"position\":2,\"name\":\"Territorio\",\"item\":\"https:\/\/varenna.visitlakecomo.info\/es\/territorio\"},{\"@type\":\"ListItem\",\"position\":3,\"name\":\"Villa Monastero\"}]},{\"@type\":\"WebSite\",\"@id\":\"https:\/\/varenna.visitlakecomo.info\/#website\",\"url\":\"https:\/\/varenna.visitlakecomo.info\/\",\"name\":\"Visit Varenna\",\"description\":\"\",\"potentialAction\":[{\"@type\":\"SearchAction\",\"target\":{\"@type\":\"EntryPoint\",\"urlTemplate\":\"https:\/\/varenna.visitlakecomo.info\/?s={search_term_string}\"},\"query-input\":{\"@type\":\"PropertyValueSpecification\",\"valueRequired\":true,\"valueName\":\"search_term_string\"}}],\"inLanguage\":\"es\"}]}<\/script>\n<!-- \/ Yoast SEO plugin. -->","yoast_head_json":{"title":"Villa Monastero en Varenna: museo y jard\u00edn bot\u00e1nico","description":"Descubre Villa Monastero en Varenna: un joya ecl\u00e9ctica con Casa Museo y un amplio jard\u00edn bot\u00e1nico en el lago de Como.","robots":{"index":"index","follow":"follow","max-snippet":"max-snippet:-1","max-image-preview":"max-image-preview:large","max-video-preview":"max-video-preview:-1"},"canonical":"https:\/\/varenna.visitlakecomo.info\/es\/territorio\/villa-monastero","og_locale":"es_ES","og_type":"article","og_title":"Villa Monastero en Varenna: museo y jard\u00edn bot\u00e1nico","og_description":"Descubre Villa Monastero en Varenna: un joya ecl\u00e9ctica con Casa Museo y un amplio jard\u00edn bot\u00e1nico en el lago de Como.","og_url":"https:\/\/varenna.visitlakecomo.info\/es\/territorio\/villa-monastero","og_site_name":"Visit Varenna","article_modified_time":"2025-06-17T09:28:17+00:00","twitter_card":"summary_large_image","schema":{"@context":"https:\/\/schema.org","@graph":[{"@type":"WebPage","@id":"https:\/\/varenna.visitlakecomo.info\/es\/territorio\/villa-monastero","url":"https:\/\/varenna.visitlakecomo.info\/es\/territorio\/villa-monastero","name":"Villa Monastero en Varenna: museo y jard\u00edn bot\u00e1nico","isPartOf":{"@id":"https:\/\/varenna.visitlakecomo.info\/#website"},"datePublished":"2025-05-19T15:18:46+00:00","dateModified":"2025-06-17T09:28:17+00:00","description":"Descubre Villa Monastero en Varenna: un joya ecl\u00e9ctica con Casa Museo y un amplio jard\u00edn bot\u00e1nico en el lago de Como.","breadcrumb":{"@id":"https:\/\/varenna.visitlakecomo.info\/es\/territorio\/villa-monastero#breadcrumb"},"inLanguage":"es","potentialAction":[{"@type":"ReadAction","target":["https:\/\/varenna.visitlakecomo.info\/es\/territorio\/villa-monastero"]}]},{"@type":"BreadcrumbList","@id":"https:\/\/varenna.visitlakecomo.info\/es\/territorio\/villa-monastero#breadcrumb","itemListElement":[{"@type":"ListItem","position":1,"name":"Home","item":"https:\/\/varenna.visitlakecomo.info\/es"},{"@type":"ListItem","position":2,"name":"Territorio","item":"https:\/\/varenna.visitlakecomo.info\/es\/territorio"},{"@type":"ListItem","position":3,"name":"Villa Monastero"}]},{"@type":"WebSite","@id":"https:\/\/varenna.visitlakecomo.info\/#website","url":"https:\/\/varenna.visitlakecomo.info\/","name":"Visit Varenna","description":"","potentialAction":[{"@type":"SearchAction","target":{"@type":"EntryPoint","urlTemplate":"https:\/\/varenna.visitlakecomo.info\/?s={search_term_string}"},"query-input":{"@type":"PropertyValueSpecification","valueRequired":true,"valueName":"search_term_string"}}],"inLanguage":"es"}]}},"_links":{"self":[{"href":"https:\/\/varenna.visitlakecomo.info\/es\/wp-json\/wp\/v2\/pages\/1257","targetHints":{"allow":["GET"]}}],"collection":[{"href":"https:\/\/varenna.visitlakecomo.info\/es\/wp-json\/wp\/v2\/pages"}],"about":[{"href":"https:\/\/varenna.visitlakecomo.info\/es\/wp-json\/wp\/v2\/types\/page"}],"author":[{"embeddable":true,"href":"https:\/\/varenna.visitlakecomo.info\/es\/wp-json\/wp\/v2\/users\/1"}],"replies":[{"embeddable":true,"href":"https:\/\/varenna.visitlakecomo.info\/es\/wp-json\/wp\/v2\/comments?post=1257"}],"version-history":[{"count":1,"href":"https:\/\/varenna.visitlakecomo.info\/es\/wp-json\/wp\/v2\/pages\/1257\/revisions"}],"predecessor-version":[{"id":1258,"href":"https:\/\/varenna.visitlakecomo.info\/es\/wp-json\/wp\/v2\/pages\/1257\/revisions\/1258"}],"up":[{"embeddable":true,"href":"https:\/\/varenna.visitlakecomo.info\/es\/wp-json\/wp\/v2\/pages\/1235"}],"wp:attachment":[{"href":"https:\/\/varenna.visitlakecomo.info\/es\/wp-json\/wp\/v2\/media?parent=1257"}],"curies":[{"name":"wp","href":"https:\/\/api.w.org\/{rel}","templated":true}]}}