{"id":1261,"date":"2025-05-19T15:22:09","date_gmt":"2025-05-19T15:22:09","guid":{"rendered":"https:\/\/varenna.visitlakecomo.info\/territorio\/castillo-de-vezio"},"modified":"2025-06-17T09:28:17","modified_gmt":"2025-06-17T09:28:17","slug":"castillo-de-vezio","status":"publish","type":"page","link":"https:\/\/varenna.visitlakecomo.info\/es\/territorio\/castillo-de-vezio","title":{"rendered":"Castillo de Vezio"},"content":{"rendered":"<p>Erigido en una <b>colina de olivos y bosques<\/b> que domina Varenna, el Castillo de Vezio es una antigua <b>fortaleza medieval<\/b> de la que se conservan <b>torres almenadas<\/b> y parte de las <b>murallas<\/b>. El castillo est\u00e1 <b>abierto al p\u00fablic<\/b>o la mayor parte del a\u00f1o y se accede a pie desde el pueblo mediante un <b>agradable paseo<\/b>.<\/p>","protected":false},"excerpt":{"rendered":"<p>Erigido en una colina de olivos y bosques que domina Varenna, el Castillo de Vezio es una antigua fortaleza medieval de la que se conservan torres almenadas y parte de las murallas. El castillo est\u00e1 abierto al p\u00fablico la mayor parte del a\u00f1o y se accede a pie desde el pueblo mediante un agradable paseo.<\/p>\n","protected":false},"author":1,"featured_media":0,"parent":1235,"menu_order":0,"comment_status":"closed","ping_status":"closed","template":"page-templates\/pagina_box.php","meta":{"_acf_changed":false,"inline_featured_image":false,"footnotes":""},"class_list":["post-1261","page","type-page","status-publish","hentry"],"acf":[],"yoast_head":"<!-- This site is optimized with the Yoast SEO plugin v25.2 - https:\/\/yoast.com\/wordpress\/plugins\/seo\/ -->\n<title>Castillo de Vezio en Varenna: antigua fortaleza medieval<\/title>\n<meta name=\"description\" content=\"Explora el Castillo de Vezio en Varenna, una antigua fortaleza medieval abierta al p\u00fablico, y descubre los Fantasmas de Vezio.\" \/>\n<meta name=\"robots\" content=\"index, follow, max-snippet:-1, max-image-preview:large, max-video-preview:-1\" \/>\n<link rel=\"canonical\" href=\"https:\/\/varenna.visitlakecomo.info\/es\/territorio\/castillo-de-vezio\" \/>\n<meta property=\"og:locale\" content=\"es_ES\" \/>\n<meta property=\"og:type\" content=\"article\" \/>\n<meta property=\"og:title\" content=\"Castillo de Vezio en Varenna: antigua fortaleza medieval\" \/>\n<meta property=\"og:description\" content=\"Explora el Castillo de Vezio en Varenna, una antigua fortaleza medieval abierta al p\u00fablico, y descubre los Fantasmas de Vezio.\" \/>\n<meta property=\"og:url\" content=\"https:\/\/varenna.visitlakecomo.info\/es\/territorio\/castillo-de-vezio\" \/>\n<meta property=\"og:site_name\" content=\"Visit Varenna\" \/>\n<meta property=\"article:modified_time\" content=\"2025-06-17T09:28:17+00:00\" \/>\n<meta name=\"twitter:card\" content=\"summary_large_image\" \/>\n<script type=\"application\/ld+json\" class=\"yoast-schema-graph\">{\"@context\":\"https:\/\/schema.org\",\"@graph\":[{\"@type\":\"WebPage\",\"@id\":\"https:\/\/varenna.visitlakecomo.info\/es\/territorio\/castillo-de-vezio\",\"url\":\"https:\/\/varenna.visitlakecomo.info\/es\/territorio\/castillo-de-vezio\",\"name\":\"Castillo de Vezio en Varenna: antigua fortaleza medieval\",\"isPartOf\":{\"@id\":\"https:\/\/varenna.visitlakecomo.info\/#website\"},\"datePublished\":\"2025-05-19T15:22:09+00:00\",\"dateModified\":\"2025-06-17T09:28:17+00:00\",\"description\":\"Explora el Castillo de Vezio en Varenna, una antigua fortaleza medieval abierta al p\u00fablico, y descubre los Fantasmas de Vezio.\",\"breadcrumb\":{\"@id\":\"https:\/\/varenna.visitlakecomo.info\/es\/territorio\/castillo-de-vezio#breadcrumb\"},\"inLanguage\":\"es\",\"potentialAction\":[{\"@type\":\"ReadAction\",\"target\":[\"https:\/\/varenna.visitlakecomo.info\/es\/territorio\/castillo-de-vezio\"]}]},{\"@type\":\"BreadcrumbList\",\"@id\":\"https:\/\/varenna.visitlakecomo.info\/es\/territorio\/castillo-de-vezio#breadcrumb\",\"itemListElement\":[{\"@type\":\"ListItem\",\"position\":1,\"name\":\"Home\",\"item\":\"https:\/\/varenna.visitlakecomo.info\/es\"},{\"@type\":\"ListItem\",\"position\":2,\"name\":\"Territorio\",\"item\":\"https:\/\/varenna.visitlakecomo.info\/es\/territorio\"},{\"@type\":\"ListItem\",\"position\":3,\"name\":\"Castillo de Vezio\"}]},{\"@type\":\"WebSite\",\"@id\":\"https:\/\/varenna.visitlakecomo.info\/#website\",\"url\":\"https:\/\/varenna.visitlakecomo.info\/\",\"name\":\"Visit Varenna\",\"description\":\"\",\"potentialAction\":[{\"@type\":\"SearchAction\",\"target\":{\"@type\":\"EntryPoint\",\"urlTemplate\":\"https:\/\/varenna.visitlakecomo.info\/?s={search_term_string}\"},\"query-input\":{\"@type\":\"PropertyValueSpecification\",\"valueRequired\":true,\"valueName\":\"search_term_string\"}}],\"inLanguage\":\"es\"}]}<\/script>\n<!-- \/ Yoast SEO plugin. -->","yoast_head_json":{"title":"Castillo de Vezio en Varenna: antigua fortaleza medieval","description":"Explora el Castillo de Vezio en Varenna, una antigua fortaleza medieval abierta al p\u00fablico, y descubre los Fantasmas de Vezio.","robots":{"index":"index","follow":"follow","max-snippet":"max-snippet:-1","max-image-preview":"max-image-preview:large","max-video-preview":"max-video-preview:-1"},"canonical":"https:\/\/varenna.visitlakecomo.info\/es\/territorio\/castillo-de-vezio","og_locale":"es_ES","og_type":"article","og_title":"Castillo de Vezio en Varenna: antigua fortaleza medieval","og_description":"Explora el Castillo de Vezio en Varenna, una antigua fortaleza medieval abierta al p\u00fablico, y descubre los Fantasmas de Vezio.","og_url":"https:\/\/varenna.visitlakecomo.info\/es\/territorio\/castillo-de-vezio","og_site_name":"Visit Varenna","article_modified_time":"2025-06-17T09:28:17+00:00","twitter_card":"summary_large_image","schema":{"@context":"https:\/\/schema.org","@graph":[{"@type":"WebPage","@id":"https:\/\/varenna.visitlakecomo.info\/es\/territorio\/castillo-de-vezio","url":"https:\/\/varenna.visitlakecomo.info\/es\/territorio\/castillo-de-vezio","name":"Castillo de Vezio en Varenna: antigua fortaleza medieval","isPartOf":{"@id":"https:\/\/varenna.visitlakecomo.info\/#website"},"datePublished":"2025-05-19T15:22:09+00:00","dateModified":"2025-06-17T09:28:17+00:00","description":"Explora el Castillo de Vezio en Varenna, una antigua fortaleza medieval abierta al p\u00fablico, y descubre los Fantasmas de Vezio.","breadcrumb":{"@id":"https:\/\/varenna.visitlakecomo.info\/es\/territorio\/castillo-de-vezio#breadcrumb"},"inLanguage":"es","potentialAction":[{"@type":"ReadAction","target":["https:\/\/varenna.visitlakecomo.info\/es\/territorio\/castillo-de-vezio"]}]},{"@type":"BreadcrumbList","@id":"https:\/\/varenna.visitlakecomo.info\/es\/territorio\/castillo-de-vezio#breadcrumb","itemListElement":[{"@type":"ListItem","position":1,"name":"Home","item":"https:\/\/varenna.visitlakecomo.info\/es"},{"@type":"ListItem","position":2,"name":"Territorio","item":"https:\/\/varenna.visitlakecomo.info\/es\/territorio"},{"@type":"ListItem","position":3,"name":"Castillo de Vezio"}]},{"@type":"WebSite","@id":"https:\/\/varenna.visitlakecomo.info\/#website","url":"https:\/\/varenna.visitlakecomo.info\/","name":"Visit Varenna","description":"","potentialAction":[{"@type":"SearchAction","target":{"@type":"EntryPoint","urlTemplate":"https:\/\/varenna.visitlakecomo.info\/?s={search_term_string}"},"query-input":{"@type":"PropertyValueSpecification","valueRequired":true,"valueName":"search_term_string"}}],"inLanguage":"es"}]}},"_links":{"self":[{"href":"https:\/\/varenna.visitlakecomo.info\/es\/wp-json\/wp\/v2\/pages\/1261","targetHints":{"allow":["GET"]}}],"collection":[{"href":"https:\/\/varenna.visitlakecomo.info\/es\/wp-json\/wp\/v2\/pages"}],"about":[{"href":"https:\/\/varenna.visitlakecomo.info\/es\/wp-json\/wp\/v2\/types\/page"}],"author":[{"embeddable":true,"href":"https:\/\/varenna.visitlakecomo.info\/es\/wp-json\/wp\/v2\/users\/1"}],"replies":[{"embeddable":true,"href":"https:\/\/varenna.visitlakecomo.info\/es\/wp-json\/wp\/v2\/comments?post=1261"}],"version-history":[{"count":1,"href":"https:\/\/varenna.visitlakecomo.info\/es\/wp-json\/wp\/v2\/pages\/1261\/revisions"}],"predecessor-version":[{"id":1262,"href":"https:\/\/varenna.visitlakecomo.info\/es\/wp-json\/wp\/v2\/pages\/1261\/revisions\/1262"}],"up":[{"embeddable":true,"href":"https:\/\/varenna.visitlakecomo.info\/es\/wp-json\/wp\/v2\/pages\/1235"}],"wp:attachment":[{"href":"https:\/\/varenna.visitlakecomo.info\/es\/wp-json\/wp\/v2\/media?parent=1261"}],"curies":[{"name":"wp","href":"https:\/\/api.w.org\/{rel}","templated":true}]}}