{"id":1422,"date":"2025-04-15T13:53:21","date_gmt":"2025-04-15T13:53:21","guid":{"rendered":"https:\/\/varenna.visitlakecomo.info\/evenements"},"modified":"2025-06-23T14:46:59","modified_gmt":"2025-06-23T14:46:59","slug":"evenements","status":"publish","type":"page","link":"https:\/\/varenna.visitlakecomo.info\/fr\/evenements","title":{"rendered":"\u00c9v\u00e9nements"},"content":{"rendered":"<p>F\u00eates, festivals, expositions, gastronomie : les <b>\u00e9v\u00e9nements de Varenna rythment les saisons<\/b>.<\/p>","protected":false},"excerpt":{"rendered":"<p>F\u00eates, festivals, expositions, gastronomie : les \u00e9v\u00e9nements de Varenna rythment les saisons.<\/p>\n","protected":false},"author":1,"featured_media":0,"parent":0,"menu_order":0,"comment_status":"closed","ping_status":"closed","template":"page-templates\/lista_eventi.php","meta":{"_acf_changed":false,"inline_featured_image":false,"footnotes":""},"class_list":["post-1422","page","type-page","status-publish","hentry"],"acf":[],"yoast_head":"<!-- This site is optimized with the Yoast SEO plugin v25.2 - https:\/\/yoast.com\/wordpress\/plugins\/seo\/ -->\n<title>\u00c9v\u00e9nements \u00e0 Varenna - Visit Varenna<\/title>\n<meta name=\"description\" content=\"Tous les \u00e9v\u00e9nements \u00e0 Varenna: f\u00eates populaires, expositions, gastronomie et manifestations toute l\u2019ann\u00e9e.\" \/>\n<meta name=\"robots\" content=\"index, follow, max-snippet:-1, max-image-preview:large, max-video-preview:-1\" \/>\n<link rel=\"canonical\" href=\"https:\/\/varenna.visitlakecomo.info\/fr\/evenements\" \/>\n<meta property=\"og:locale\" content=\"fr_FR\" \/>\n<meta property=\"og:type\" content=\"article\" \/>\n<meta property=\"og:title\" content=\"\u00c9v\u00e9nements \u00e0 Varenna - Visit Varenna\" \/>\n<meta property=\"og:description\" content=\"Tous les \u00e9v\u00e9nements \u00e0 Varenna: f\u00eates populaires, expositions, gastronomie et manifestations toute l\u2019ann\u00e9e.\" \/>\n<meta property=\"og:url\" content=\"https:\/\/varenna.visitlakecomo.info\/fr\/evenements\" \/>\n<meta property=\"og:site_name\" content=\"Visit Varenna\" \/>\n<meta property=\"article:modified_time\" content=\"2025-06-23T14:46:59+00:00\" \/>\n<meta name=\"twitter:card\" content=\"summary_large_image\" \/>\n<script type=\"application\/ld+json\" class=\"yoast-schema-graph\">{\"@context\":\"https:\/\/schema.org\",\"@graph\":[{\"@type\":\"WebPage\",\"@id\":\"https:\/\/varenna.visitlakecomo.info\/fr\/evenements\",\"url\":\"https:\/\/varenna.visitlakecomo.info\/fr\/evenements\",\"name\":\"\u00c9v\u00e9nements \u00e0 Varenna - Visit Varenna\",\"isPartOf\":{\"@id\":\"https:\/\/varenna.visitlakecomo.info\/#website\"},\"datePublished\":\"2025-04-15T13:53:21+00:00\",\"dateModified\":\"2025-06-23T14:46:59+00:00\",\"description\":\"Tous les \u00e9v\u00e9nements \u00e0 Varenna: f\u00eates populaires, expositions, gastronomie et manifestations toute l\u2019ann\u00e9e.\",\"breadcrumb\":{\"@id\":\"https:\/\/varenna.visitlakecomo.info\/fr\/evenements#breadcrumb\"},\"inLanguage\":\"fr-FR\",\"potentialAction\":[{\"@type\":\"ReadAction\",\"target\":[\"https:\/\/varenna.visitlakecomo.info\/fr\/evenements\"]}]},{\"@type\":\"BreadcrumbList\",\"@id\":\"https:\/\/varenna.visitlakecomo.info\/fr\/evenements#breadcrumb\",\"itemListElement\":[{\"@type\":\"ListItem\",\"position\":1,\"name\":\"Home\",\"item\":\"https:\/\/varenna.visitlakecomo.info\/fr\"},{\"@type\":\"ListItem\",\"position\":2,\"name\":\"\u00c9v\u00e9nements\"}]},{\"@type\":\"WebSite\",\"@id\":\"https:\/\/varenna.visitlakecomo.info\/#website\",\"url\":\"https:\/\/varenna.visitlakecomo.info\/\",\"name\":\"Visit Varenna\",\"description\":\"\",\"potentialAction\":[{\"@type\":\"SearchAction\",\"target\":{\"@type\":\"EntryPoint\",\"urlTemplate\":\"https:\/\/varenna.visitlakecomo.info\/?s={search_term_string}\"},\"query-input\":{\"@type\":\"PropertyValueSpecification\",\"valueRequired\":true,\"valueName\":\"search_term_string\"}}],\"inLanguage\":\"fr-FR\"}]}<\/script>\n<!-- \/ Yoast SEO plugin. -->","yoast_head_json":{"title":"\u00c9v\u00e9nements \u00e0 Varenna - Visit Varenna","description":"Tous les \u00e9v\u00e9nements \u00e0 Varenna: f\u00eates populaires, expositions, gastronomie et manifestations toute l\u2019ann\u00e9e.","robots":{"index":"index","follow":"follow","max-snippet":"max-snippet:-1","max-image-preview":"max-image-preview:large","max-video-preview":"max-video-preview:-1"},"canonical":"https:\/\/varenna.visitlakecomo.info\/fr\/evenements","og_locale":"fr_FR","og_type":"article","og_title":"\u00c9v\u00e9nements \u00e0 Varenna - Visit Varenna","og_description":"Tous les \u00e9v\u00e9nements \u00e0 Varenna: f\u00eates populaires, expositions, gastronomie et manifestations toute l\u2019ann\u00e9e.","og_url":"https:\/\/varenna.visitlakecomo.info\/fr\/evenements","og_site_name":"Visit Varenna","article_modified_time":"2025-06-23T14:46:59+00:00","twitter_card":"summary_large_image","schema":{"@context":"https:\/\/schema.org","@graph":[{"@type":"WebPage","@id":"https:\/\/varenna.visitlakecomo.info\/fr\/evenements","url":"https:\/\/varenna.visitlakecomo.info\/fr\/evenements","name":"\u00c9v\u00e9nements \u00e0 Varenna - Visit Varenna","isPartOf":{"@id":"https:\/\/varenna.visitlakecomo.info\/#website"},"datePublished":"2025-04-15T13:53:21+00:00","dateModified":"2025-06-23T14:46:59+00:00","description":"Tous les \u00e9v\u00e9nements \u00e0 Varenna: f\u00eates populaires, expositions, gastronomie et manifestations toute l\u2019ann\u00e9e.","breadcrumb":{"@id":"https:\/\/varenna.visitlakecomo.info\/fr\/evenements#breadcrumb"},"inLanguage":"fr-FR","potentialAction":[{"@type":"ReadAction","target":["https:\/\/varenna.visitlakecomo.info\/fr\/evenements"]}]},{"@type":"BreadcrumbList","@id":"https:\/\/varenna.visitlakecomo.info\/fr\/evenements#breadcrumb","itemListElement":[{"@type":"ListItem","position":1,"name":"Home","item":"https:\/\/varenna.visitlakecomo.info\/fr"},{"@type":"ListItem","position":2,"name":"\u00c9v\u00e9nements"}]},{"@type":"WebSite","@id":"https:\/\/varenna.visitlakecomo.info\/#website","url":"https:\/\/varenna.visitlakecomo.info\/","name":"Visit Varenna","description":"","potentialAction":[{"@type":"SearchAction","target":{"@type":"EntryPoint","urlTemplate":"https:\/\/varenna.visitlakecomo.info\/?s={search_term_string}"},"query-input":{"@type":"PropertyValueSpecification","valueRequired":true,"valueName":"search_term_string"}}],"inLanguage":"fr-FR"}]}},"_links":{"self":[{"href":"https:\/\/varenna.visitlakecomo.info\/fr\/wp-json\/wp\/v2\/pages\/1422","targetHints":{"allow":["GET"]}}],"collection":[{"href":"https:\/\/varenna.visitlakecomo.info\/fr\/wp-json\/wp\/v2\/pages"}],"about":[{"href":"https:\/\/varenna.visitlakecomo.info\/fr\/wp-json\/wp\/v2\/types\/page"}],"author":[{"embeddable":true,"href":"https:\/\/varenna.visitlakecomo.info\/fr\/wp-json\/wp\/v2\/users\/1"}],"replies":[{"embeddable":true,"href":"https:\/\/varenna.visitlakecomo.info\/fr\/wp-json\/wp\/v2\/comments?post=1422"}],"version-history":[{"count":1,"href":"https:\/\/varenna.visitlakecomo.info\/fr\/wp-json\/wp\/v2\/pages\/1422\/revisions"}],"predecessor-version":[{"id":1423,"href":"https:\/\/varenna.visitlakecomo.info\/fr\/wp-json\/wp\/v2\/pages\/1422\/revisions\/1423"}],"wp:attachment":[{"href":"https:\/\/varenna.visitlakecomo.info\/fr\/wp-json\/wp\/v2\/media?parent=1422"}],"curies":[{"name":"wp","href":"https:\/\/api.w.org\/{rel}","templated":true}]}}