{"id":1428,"date":"2025-04-15T13:57:23","date_gmt":"2025-04-15T13:57:23","guid":{"rendered":"https:\/\/varenna.visitlakecomo.info\/entreprises"},"modified":"2025-06-23T14:46:59","modified_gmt":"2025-06-23T14:46:59","slug":"entreprises","status":"publish","type":"page","link":"https:\/\/varenna.visitlakecomo.info\/fr\/entreprises","title":{"rendered":"Entreprises"},"content":{"rendered":"<p>Vous cherchez des id\u00e9es de <b>restaurants, bars ou glaciers \u00e0 Varenna<\/b>? Vous voulez savoir o\u00f9 faire du <b>shopping<\/b> ou trouver les meilleurs <b>services<\/b>? Vous \u00eates au bon endroit, nous les avons s\u00e9lectionn\u00e9s pour vous!<\/p>","protected":false},"excerpt":{"rendered":"<p>Vous cherchez des id\u00e9es de restaurants, bars ou glaciers \u00e0 Varenna? Vous voulez savoir o\u00f9 faire du shopping ou trouver les meilleurs services? Vous \u00eates au bon endroit, nous les avons s\u00e9lectionn\u00e9s pour vous!<\/p>\n","protected":false},"author":1,"featured_media":0,"parent":0,"menu_order":0,"comment_status":"closed","ping_status":"closed","template":"page-templates\/smistamento_imprese.php","meta":{"_acf_changed":false,"inline_featured_image":false,"footnotes":""},"class_list":["post-1428","page","type-page","status-publish","hentry"],"acf":[],"yoast_head":"<!-- This site is optimized with the Yoast SEO plugin v25.2 - https:\/\/yoast.com\/wordpress\/plugins\/seo\/ -->\n<title>Entreprises \u00e0 Varenna: activit\u00e9s, commerces et restauration - Visit Varenna<\/title>\n<meta name=\"description\" content=\"D\u00e9couvrez notre s\u00e9lection des meilleures activit\u00e9s, commerces et services \u00e0 Varenna, sur le lac de C\u00f4me!\" \/>\n<meta name=\"robots\" content=\"index, follow, max-snippet:-1, max-image-preview:large, max-video-preview:-1\" \/>\n<link rel=\"canonical\" href=\"https:\/\/varenna.visitlakecomo.info\/fr\/entreprises\" \/>\n<meta property=\"og:locale\" content=\"fr_FR\" \/>\n<meta property=\"og:type\" content=\"article\" \/>\n<meta property=\"og:title\" content=\"Entreprises \u00e0 Varenna: activit\u00e9s, commerces et restauration - Visit Varenna\" \/>\n<meta property=\"og:description\" content=\"D\u00e9couvrez notre s\u00e9lection des meilleures activit\u00e9s, commerces et services \u00e0 Varenna, sur le lac de C\u00f4me!\" \/>\n<meta property=\"og:url\" content=\"https:\/\/varenna.visitlakecomo.info\/fr\/entreprises\" \/>\n<meta property=\"og:site_name\" content=\"Visit Varenna\" \/>\n<meta property=\"article:modified_time\" content=\"2025-06-23T14:46:59+00:00\" \/>\n<meta name=\"twitter:card\" content=\"summary_large_image\" \/>\n<script type=\"application\/ld+json\" class=\"yoast-schema-graph\">{\"@context\":\"https:\/\/schema.org\",\"@graph\":[{\"@type\":\"WebPage\",\"@id\":\"https:\/\/varenna.visitlakecomo.info\/fr\/entreprises\",\"url\":\"https:\/\/varenna.visitlakecomo.info\/fr\/entreprises\",\"name\":\"Entreprises \u00e0 Varenna: activit\u00e9s, commerces et restauration - Visit Varenna\",\"isPartOf\":{\"@id\":\"https:\/\/varenna.visitlakecomo.info\/#website\"},\"datePublished\":\"2025-04-15T13:57:23+00:00\",\"dateModified\":\"2025-06-23T14:46:59+00:00\",\"description\":\"D\u00e9couvrez notre s\u00e9lection des meilleures activit\u00e9s, commerces et services \u00e0 Varenna, sur le lac de C\u00f4me!\",\"breadcrumb\":{\"@id\":\"https:\/\/varenna.visitlakecomo.info\/fr\/entreprises#breadcrumb\"},\"inLanguage\":\"fr-FR\",\"potentialAction\":[{\"@type\":\"ReadAction\",\"target\":[\"https:\/\/varenna.visitlakecomo.info\/fr\/entreprises\"]}]},{\"@type\":\"BreadcrumbList\",\"@id\":\"https:\/\/varenna.visitlakecomo.info\/fr\/entreprises#breadcrumb\",\"itemListElement\":[{\"@type\":\"ListItem\",\"position\":1,\"name\":\"Home\",\"item\":\"https:\/\/varenna.visitlakecomo.info\/fr\"},{\"@type\":\"ListItem\",\"position\":2,\"name\":\"Entreprises\"}]},{\"@type\":\"WebSite\",\"@id\":\"https:\/\/varenna.visitlakecomo.info\/#website\",\"url\":\"https:\/\/varenna.visitlakecomo.info\/\",\"name\":\"Visit Varenna\",\"description\":\"\",\"potentialAction\":[{\"@type\":\"SearchAction\",\"target\":{\"@type\":\"EntryPoint\",\"urlTemplate\":\"https:\/\/varenna.visitlakecomo.info\/?s={search_term_string}\"},\"query-input\":{\"@type\":\"PropertyValueSpecification\",\"valueRequired\":true,\"valueName\":\"search_term_string\"}}],\"inLanguage\":\"fr-FR\"}]}<\/script>\n<!-- \/ Yoast SEO plugin. -->","yoast_head_json":{"title":"Entreprises \u00e0 Varenna: activit\u00e9s, commerces et restauration - Visit Varenna","description":"D\u00e9couvrez notre s\u00e9lection des meilleures activit\u00e9s, commerces et services \u00e0 Varenna, sur le lac de C\u00f4me!","robots":{"index":"index","follow":"follow","max-snippet":"max-snippet:-1","max-image-preview":"max-image-preview:large","max-video-preview":"max-video-preview:-1"},"canonical":"https:\/\/varenna.visitlakecomo.info\/fr\/entreprises","og_locale":"fr_FR","og_type":"article","og_title":"Entreprises \u00e0 Varenna: activit\u00e9s, commerces et restauration - Visit Varenna","og_description":"D\u00e9couvrez notre s\u00e9lection des meilleures activit\u00e9s, commerces et services \u00e0 Varenna, sur le lac de C\u00f4me!","og_url":"https:\/\/varenna.visitlakecomo.info\/fr\/entreprises","og_site_name":"Visit Varenna","article_modified_time":"2025-06-23T14:46:59+00:00","twitter_card":"summary_large_image","schema":{"@context":"https:\/\/schema.org","@graph":[{"@type":"WebPage","@id":"https:\/\/varenna.visitlakecomo.info\/fr\/entreprises","url":"https:\/\/varenna.visitlakecomo.info\/fr\/entreprises","name":"Entreprises \u00e0 Varenna: activit\u00e9s, commerces et restauration - Visit Varenna","isPartOf":{"@id":"https:\/\/varenna.visitlakecomo.info\/#website"},"datePublished":"2025-04-15T13:57:23+00:00","dateModified":"2025-06-23T14:46:59+00:00","description":"D\u00e9couvrez notre s\u00e9lection des meilleures activit\u00e9s, commerces et services \u00e0 Varenna, sur le lac de C\u00f4me!","breadcrumb":{"@id":"https:\/\/varenna.visitlakecomo.info\/fr\/entreprises#breadcrumb"},"inLanguage":"fr-FR","potentialAction":[{"@type":"ReadAction","target":["https:\/\/varenna.visitlakecomo.info\/fr\/entreprises"]}]},{"@type":"BreadcrumbList","@id":"https:\/\/varenna.visitlakecomo.info\/fr\/entreprises#breadcrumb","itemListElement":[{"@type":"ListItem","position":1,"name":"Home","item":"https:\/\/varenna.visitlakecomo.info\/fr"},{"@type":"ListItem","position":2,"name":"Entreprises"}]},{"@type":"WebSite","@id":"https:\/\/varenna.visitlakecomo.info\/#website","url":"https:\/\/varenna.visitlakecomo.info\/","name":"Visit Varenna","description":"","potentialAction":[{"@type":"SearchAction","target":{"@type":"EntryPoint","urlTemplate":"https:\/\/varenna.visitlakecomo.info\/?s={search_term_string}"},"query-input":{"@type":"PropertyValueSpecification","valueRequired":true,"valueName":"search_term_string"}}],"inLanguage":"fr-FR"}]}},"_links":{"self":[{"href":"https:\/\/varenna.visitlakecomo.info\/fr\/wp-json\/wp\/v2\/pages\/1428","targetHints":{"allow":["GET"]}}],"collection":[{"href":"https:\/\/varenna.visitlakecomo.info\/fr\/wp-json\/wp\/v2\/pages"}],"about":[{"href":"https:\/\/varenna.visitlakecomo.info\/fr\/wp-json\/wp\/v2\/types\/page"}],"author":[{"embeddable":true,"href":"https:\/\/varenna.visitlakecomo.info\/fr\/wp-json\/wp\/v2\/users\/1"}],"replies":[{"embeddable":true,"href":"https:\/\/varenna.visitlakecomo.info\/fr\/wp-json\/wp\/v2\/comments?post=1428"}],"version-history":[{"count":1,"href":"https:\/\/varenna.visitlakecomo.info\/fr\/wp-json\/wp\/v2\/pages\/1428\/revisions"}],"predecessor-version":[{"id":1429,"href":"https:\/\/varenna.visitlakecomo.info\/fr\/wp-json\/wp\/v2\/pages\/1428\/revisions\/1429"}],"wp:attachment":[{"href":"https:\/\/varenna.visitlakecomo.info\/fr\/wp-json\/wp\/v2\/media?parent=1428"}],"curies":[{"name":"wp","href":"https:\/\/api.w.org\/{rel}","templated":true}]}}