{"id":1442,"date":"2025-05-19T15:18:46","date_gmt":"2025-05-19T15:18:46","guid":{"rendered":"https:\/\/varenna.visitlakecomo.info\/territoire\/villa-monastero"},"modified":"2025-06-23T14:46:59","modified_gmt":"2025-06-23T14:46:59","slug":"villa-monastero","status":"publish","type":"page","link":"https:\/\/varenna.visitlakecomo.info\/fr\/territoire\/villa-monastero","title":{"rendered":"Villa Monastero"},"content":{"rendered":"<p>Huit si\u00e8cles d&#039;histoire m\u00ealant art, nature et grande beaut\u00e9 : la <b>Villa Monastero<\/b> s&#039;\u00e9l\u00e8ve sur les ruines d&#039;un ancien monast\u00e8re cistercien, fond\u00e9 \u00e0 la fin du XIIe si\u00e8cle. Elle se distingue par son <b>style \u00e9clectique<\/b>, fruit de la succession de nombreux propri\u00e9taires aux go\u00fbts et styles vari\u00e9s. Depuis 1953, elle accueille un <b>Centre de Congr\u00e8s<\/b> de renomm\u00e9e internationale, et en 2003, la <b>Maison Museo<\/b> a \u00e9t\u00e9 inaugur\u00e9e. Celle-ci pr\u00e9sente quatorze splendides salles avec leur mobilier et leurs d\u00e9corations d&#039;origine. La Villa est encadr\u00e9e par un magnifique <b>jardin botanique<\/b>, foisonnant de plantes rares et exotiques, qui s&#039;\u00e9tend sur pr\u00e8s de deux kilom\u00e8tres le long de la rive du lac.<\/p>","protected":false},"excerpt":{"rendered":"<p>Huit si\u00e8cles d&#039;histoire m\u00ealant art, nature et grande beaut\u00e9 : la Villa Monastero s&#039;\u00e9l\u00e8ve sur les ruines d&#039;un ancien monast\u00e8re cistercien, fond\u00e9 \u00e0 la fin du XIIe si\u00e8cle. Elle se distingue par son style \u00e9clectique, fruit de la succession de nombreux propri\u00e9taires aux go\u00fbts et styles vari\u00e9s. Depuis 1953, elle accueille un Centre de Congr\u00e8s &hellip;<\/p>\n","protected":false},"author":1,"featured_media":0,"parent":1420,"menu_order":0,"comment_status":"closed","ping_status":"closed","template":"page-templates\/pagina_box.php","meta":{"_acf_changed":false,"inline_featured_image":false,"footnotes":""},"class_list":["post-1442","page","type-page","status-publish","hentry"],"acf":[],"yoast_head":"<!-- This site is optimized with the Yoast SEO plugin v25.2 - https:\/\/yoast.com\/wordpress\/plugins\/seo\/ -->\n<title>Villa Monastero \u00e0 Varenna: mus\u00e9e et jardin botanique<\/title>\n<meta name=\"description\" content=\"D\u00e9couvrez la Villa Monastero \u00e0 Varenna: joyau \u00e9clectique avec maison-mus\u00e9e et vaste jardin botanique sur le lac de C\u00f4me.\" \/>\n<meta name=\"robots\" content=\"index, follow, max-snippet:-1, max-image-preview:large, max-video-preview:-1\" \/>\n<link rel=\"canonical\" href=\"https:\/\/varenna.visitlakecomo.info\/fr\/territoire\/villa-monastero\" \/>\n<meta property=\"og:locale\" content=\"fr_FR\" \/>\n<meta property=\"og:type\" content=\"article\" \/>\n<meta property=\"og:title\" content=\"Villa Monastero \u00e0 Varenna: mus\u00e9e et jardin botanique\" \/>\n<meta property=\"og:description\" content=\"D\u00e9couvrez la Villa Monastero \u00e0 Varenna: joyau \u00e9clectique avec maison-mus\u00e9e et vaste jardin botanique sur le lac de C\u00f4me.\" \/>\n<meta property=\"og:url\" content=\"https:\/\/varenna.visitlakecomo.info\/fr\/territoire\/villa-monastero\" \/>\n<meta property=\"og:site_name\" content=\"Visit Varenna\" \/>\n<meta property=\"article:modified_time\" content=\"2025-06-23T14:46:59+00:00\" \/>\n<meta name=\"twitter:card\" content=\"summary_large_image\" \/>\n<meta name=\"twitter:label1\" content=\"Dur\u00e9e de lecture estim\u00e9e\" \/>\n\t<meta name=\"twitter:data1\" content=\"1 minute\" \/>\n<script type=\"application\/ld+json\" class=\"yoast-schema-graph\">{\"@context\":\"https:\/\/schema.org\",\"@graph\":[{\"@type\":\"WebPage\",\"@id\":\"https:\/\/varenna.visitlakecomo.info\/fr\/territoire\/villa-monastero\",\"url\":\"https:\/\/varenna.visitlakecomo.info\/fr\/territoire\/villa-monastero\",\"name\":\"Villa Monastero \u00e0 Varenna: mus\u00e9e et jardin botanique\",\"isPartOf\":{\"@id\":\"https:\/\/varenna.visitlakecomo.info\/#website\"},\"datePublished\":\"2025-05-19T15:18:46+00:00\",\"dateModified\":\"2025-06-23T14:46:59+00:00\",\"description\":\"D\u00e9couvrez la Villa Monastero \u00e0 Varenna: joyau \u00e9clectique avec maison-mus\u00e9e et vaste jardin botanique sur le lac de C\u00f4me.\",\"breadcrumb\":{\"@id\":\"https:\/\/varenna.visitlakecomo.info\/fr\/territoire\/villa-monastero#breadcrumb\"},\"inLanguage\":\"fr-FR\",\"potentialAction\":[{\"@type\":\"ReadAction\",\"target\":[\"https:\/\/varenna.visitlakecomo.info\/fr\/territoire\/villa-monastero\"]}]},{\"@type\":\"BreadcrumbList\",\"@id\":\"https:\/\/varenna.visitlakecomo.info\/fr\/territoire\/villa-monastero#breadcrumb\",\"itemListElement\":[{\"@type\":\"ListItem\",\"position\":1,\"name\":\"Home\",\"item\":\"https:\/\/varenna.visitlakecomo.info\/fr\"},{\"@type\":\"ListItem\",\"position\":2,\"name\":\"Territoire\",\"item\":\"https:\/\/varenna.visitlakecomo.info\/fr\/territoire\"},{\"@type\":\"ListItem\",\"position\":3,\"name\":\"Villa Monastero\"}]},{\"@type\":\"WebSite\",\"@id\":\"https:\/\/varenna.visitlakecomo.info\/#website\",\"url\":\"https:\/\/varenna.visitlakecomo.info\/\",\"name\":\"Visit Varenna\",\"description\":\"\",\"potentialAction\":[{\"@type\":\"SearchAction\",\"target\":{\"@type\":\"EntryPoint\",\"urlTemplate\":\"https:\/\/varenna.visitlakecomo.info\/?s={search_term_string}\"},\"query-input\":{\"@type\":\"PropertyValueSpecification\",\"valueRequired\":true,\"valueName\":\"search_term_string\"}}],\"inLanguage\":\"fr-FR\"}]}<\/script>\n<!-- \/ Yoast SEO plugin. -->","yoast_head_json":{"title":"Villa Monastero \u00e0 Varenna: mus\u00e9e et jardin botanique","description":"D\u00e9couvrez la Villa Monastero \u00e0 Varenna: joyau \u00e9clectique avec maison-mus\u00e9e et vaste jardin botanique sur le lac de C\u00f4me.","robots":{"index":"index","follow":"follow","max-snippet":"max-snippet:-1","max-image-preview":"max-image-preview:large","max-video-preview":"max-video-preview:-1"},"canonical":"https:\/\/varenna.visitlakecomo.info\/fr\/territoire\/villa-monastero","og_locale":"fr_FR","og_type":"article","og_title":"Villa Monastero \u00e0 Varenna: mus\u00e9e et jardin botanique","og_description":"D\u00e9couvrez la Villa Monastero \u00e0 Varenna: joyau \u00e9clectique avec maison-mus\u00e9e et vaste jardin botanique sur le lac de C\u00f4me.","og_url":"https:\/\/varenna.visitlakecomo.info\/fr\/territoire\/villa-monastero","og_site_name":"Visit Varenna","article_modified_time":"2025-06-23T14:46:59+00:00","twitter_card":"summary_large_image","twitter_misc":{"Dur\u00e9e de lecture estim\u00e9e":"1 minute"},"schema":{"@context":"https:\/\/schema.org","@graph":[{"@type":"WebPage","@id":"https:\/\/varenna.visitlakecomo.info\/fr\/territoire\/villa-monastero","url":"https:\/\/varenna.visitlakecomo.info\/fr\/territoire\/villa-monastero","name":"Villa Monastero \u00e0 Varenna: mus\u00e9e et jardin botanique","isPartOf":{"@id":"https:\/\/varenna.visitlakecomo.info\/#website"},"datePublished":"2025-05-19T15:18:46+00:00","dateModified":"2025-06-23T14:46:59+00:00","description":"D\u00e9couvrez la Villa Monastero \u00e0 Varenna: joyau \u00e9clectique avec maison-mus\u00e9e et vaste jardin botanique sur le lac de C\u00f4me.","breadcrumb":{"@id":"https:\/\/varenna.visitlakecomo.info\/fr\/territoire\/villa-monastero#breadcrumb"},"inLanguage":"fr-FR","potentialAction":[{"@type":"ReadAction","target":["https:\/\/varenna.visitlakecomo.info\/fr\/territoire\/villa-monastero"]}]},{"@type":"BreadcrumbList","@id":"https:\/\/varenna.visitlakecomo.info\/fr\/territoire\/villa-monastero#breadcrumb","itemListElement":[{"@type":"ListItem","position":1,"name":"Home","item":"https:\/\/varenna.visitlakecomo.info\/fr"},{"@type":"ListItem","position":2,"name":"Territoire","item":"https:\/\/varenna.visitlakecomo.info\/fr\/territoire"},{"@type":"ListItem","position":3,"name":"Villa Monastero"}]},{"@type":"WebSite","@id":"https:\/\/varenna.visitlakecomo.info\/#website","url":"https:\/\/varenna.visitlakecomo.info\/","name":"Visit Varenna","description":"","potentialAction":[{"@type":"SearchAction","target":{"@type":"EntryPoint","urlTemplate":"https:\/\/varenna.visitlakecomo.info\/?s={search_term_string}"},"query-input":{"@type":"PropertyValueSpecification","valueRequired":true,"valueName":"search_term_string"}}],"inLanguage":"fr-FR"}]}},"_links":{"self":[{"href":"https:\/\/varenna.visitlakecomo.info\/fr\/wp-json\/wp\/v2\/pages\/1442","targetHints":{"allow":["GET"]}}],"collection":[{"href":"https:\/\/varenna.visitlakecomo.info\/fr\/wp-json\/wp\/v2\/pages"}],"about":[{"href":"https:\/\/varenna.visitlakecomo.info\/fr\/wp-json\/wp\/v2\/types\/page"}],"author":[{"embeddable":true,"href":"https:\/\/varenna.visitlakecomo.info\/fr\/wp-json\/wp\/v2\/users\/1"}],"replies":[{"embeddable":true,"href":"https:\/\/varenna.visitlakecomo.info\/fr\/wp-json\/wp\/v2\/comments?post=1442"}],"version-history":[{"count":1,"href":"https:\/\/varenna.visitlakecomo.info\/fr\/wp-json\/wp\/v2\/pages\/1442\/revisions"}],"predecessor-version":[{"id":1443,"href":"https:\/\/varenna.visitlakecomo.info\/fr\/wp-json\/wp\/v2\/pages\/1442\/revisions\/1443"}],"up":[{"embeddable":true,"href":"https:\/\/varenna.visitlakecomo.info\/fr\/wp-json\/wp\/v2\/pages\/1420"}],"wp:attachment":[{"href":"https:\/\/varenna.visitlakecomo.info\/fr\/wp-json\/wp\/v2\/media?parent=1442"}],"curies":[{"name":"wp","href":"https:\/\/api.w.org\/{rel}","templated":true}]}}