{"id":1446,"date":"2025-05-19T15:22:09","date_gmt":"2025-05-19T15:22:09","guid":{"rendered":"https:\/\/varenna.visitlakecomo.info\/territoire\/chateau-de-vezio"},"modified":"2025-06-23T14:46:59","modified_gmt":"2025-06-23T14:46:59","slug":"chateau-de-vezio","status":"publish","type":"page","link":"https:\/\/varenna.visitlakecomo.info\/fr\/territoire\/chateau-de-vezio","title":{"rendered":"Ch\u00e2teau de Vezio"},"content":{"rendered":"<p>Perch\u00e9 sur une <b>colline d\u2019oliviers et de<\/b> <b>bois<\/b> surplombant Varenna, le ch\u00e2teau de Vezio est une ancienne <b>forteresse m\u00e9di\u00e9vale<\/b> dont subsistent les <b>tours cr\u00e9nel\u00e9es<\/b> et une partie des <b>remparts<\/b>. Le ch\u00e2teau est <b>ouvert au public<\/b> une grande partie de l\u2019ann\u00e9e et accessible <b>\u00e0 pied depuis le village par une agr\u00e9able promenade<\/b>.<\/p>","protected":false},"excerpt":{"rendered":"<p>Perch\u00e9 sur une colline d\u2019oliviers et de bois surplombant Varenna, le ch\u00e2teau de Vezio est une ancienne forteresse m\u00e9di\u00e9vale dont subsistent les tours cr\u00e9nel\u00e9es et une partie des remparts. Le ch\u00e2teau est ouvert au public une grande partie de l\u2019ann\u00e9e et accessible \u00e0 pied depuis le village par une agr\u00e9able promenade.<\/p>\n","protected":false},"author":1,"featured_media":0,"parent":1420,"menu_order":0,"comment_status":"closed","ping_status":"closed","template":"page-templates\/pagina_box.php","meta":{"_acf_changed":false,"inline_featured_image":false,"footnotes":""},"class_list":["post-1446","page","type-page","status-publish","hentry"],"acf":[],"yoast_head":"<!-- This site is optimized with the Yoast SEO plugin v25.2 - https:\/\/yoast.com\/wordpress\/plugins\/seo\/ -->\n<title>Ch\u00e2teau de Vezio \u00e0 Varenna : ancienne forteresse m\u00e9di\u00e9vale<\/title>\n<meta name=\"description\" content=\"Explorez le ch\u00e2teau de Vezio \u00e0 Varenna, ancienne forteresse m\u00e9di\u00e9vale ouverte \u00e0 la visite, et d\u00e9couvrez les Fant\u00f4mes de Vezio.\" \/>\n<meta name=\"robots\" content=\"index, follow, max-snippet:-1, max-image-preview:large, max-video-preview:-1\" \/>\n<link rel=\"canonical\" href=\"https:\/\/varenna.visitlakecomo.info\/fr\/territoire\/chateau-de-vezio\" \/>\n<meta property=\"og:locale\" content=\"fr_FR\" \/>\n<meta property=\"og:type\" content=\"article\" \/>\n<meta property=\"og:title\" content=\"Ch\u00e2teau de Vezio \u00e0 Varenna : ancienne forteresse m\u00e9di\u00e9vale\" \/>\n<meta property=\"og:description\" content=\"Explorez le ch\u00e2teau de Vezio \u00e0 Varenna, ancienne forteresse m\u00e9di\u00e9vale ouverte \u00e0 la visite, et d\u00e9couvrez les Fant\u00f4mes de Vezio.\" \/>\n<meta property=\"og:url\" content=\"https:\/\/varenna.visitlakecomo.info\/fr\/territoire\/chateau-de-vezio\" \/>\n<meta property=\"og:site_name\" content=\"Visit Varenna\" \/>\n<meta property=\"article:modified_time\" content=\"2025-06-23T14:46:59+00:00\" \/>\n<meta name=\"twitter:card\" content=\"summary_large_image\" \/>\n<script type=\"application\/ld+json\" class=\"yoast-schema-graph\">{\"@context\":\"https:\/\/schema.org\",\"@graph\":[{\"@type\":\"WebPage\",\"@id\":\"https:\/\/varenna.visitlakecomo.info\/fr\/territoire\/chateau-de-vezio\",\"url\":\"https:\/\/varenna.visitlakecomo.info\/fr\/territoire\/chateau-de-vezio\",\"name\":\"Ch\u00e2teau de Vezio \u00e0 Varenna : ancienne forteresse m\u00e9di\u00e9vale\",\"isPartOf\":{\"@id\":\"https:\/\/varenna.visitlakecomo.info\/#website\"},\"datePublished\":\"2025-05-19T15:22:09+00:00\",\"dateModified\":\"2025-06-23T14:46:59+00:00\",\"description\":\"Explorez le ch\u00e2teau de Vezio \u00e0 Varenna, ancienne forteresse m\u00e9di\u00e9vale ouverte \u00e0 la visite, et d\u00e9couvrez les Fant\u00f4mes de Vezio.\",\"breadcrumb\":{\"@id\":\"https:\/\/varenna.visitlakecomo.info\/fr\/territoire\/chateau-de-vezio#breadcrumb\"},\"inLanguage\":\"fr-FR\",\"potentialAction\":[{\"@type\":\"ReadAction\",\"target\":[\"https:\/\/varenna.visitlakecomo.info\/fr\/territoire\/chateau-de-vezio\"]}]},{\"@type\":\"BreadcrumbList\",\"@id\":\"https:\/\/varenna.visitlakecomo.info\/fr\/territoire\/chateau-de-vezio#breadcrumb\",\"itemListElement\":[{\"@type\":\"ListItem\",\"position\":1,\"name\":\"Home\",\"item\":\"https:\/\/varenna.visitlakecomo.info\/fr\"},{\"@type\":\"ListItem\",\"position\":2,\"name\":\"Territoire\",\"item\":\"https:\/\/varenna.visitlakecomo.info\/fr\/territoire\"},{\"@type\":\"ListItem\",\"position\":3,\"name\":\"Ch\u00e2teau de Vezio\"}]},{\"@type\":\"WebSite\",\"@id\":\"https:\/\/varenna.visitlakecomo.info\/#website\",\"url\":\"https:\/\/varenna.visitlakecomo.info\/\",\"name\":\"Visit Varenna\",\"description\":\"\",\"potentialAction\":[{\"@type\":\"SearchAction\",\"target\":{\"@type\":\"EntryPoint\",\"urlTemplate\":\"https:\/\/varenna.visitlakecomo.info\/?s={search_term_string}\"},\"query-input\":{\"@type\":\"PropertyValueSpecification\",\"valueRequired\":true,\"valueName\":\"search_term_string\"}}],\"inLanguage\":\"fr-FR\"}]}<\/script>\n<!-- \/ Yoast SEO plugin. -->","yoast_head_json":{"title":"Ch\u00e2teau de Vezio \u00e0 Varenna : ancienne forteresse m\u00e9di\u00e9vale","description":"Explorez le ch\u00e2teau de Vezio \u00e0 Varenna, ancienne forteresse m\u00e9di\u00e9vale ouverte \u00e0 la visite, et d\u00e9couvrez les Fant\u00f4mes de Vezio.","robots":{"index":"index","follow":"follow","max-snippet":"max-snippet:-1","max-image-preview":"max-image-preview:large","max-video-preview":"max-video-preview:-1"},"canonical":"https:\/\/varenna.visitlakecomo.info\/fr\/territoire\/chateau-de-vezio","og_locale":"fr_FR","og_type":"article","og_title":"Ch\u00e2teau de Vezio \u00e0 Varenna : ancienne forteresse m\u00e9di\u00e9vale","og_description":"Explorez le ch\u00e2teau de Vezio \u00e0 Varenna, ancienne forteresse m\u00e9di\u00e9vale ouverte \u00e0 la visite, et d\u00e9couvrez les Fant\u00f4mes de Vezio.","og_url":"https:\/\/varenna.visitlakecomo.info\/fr\/territoire\/chateau-de-vezio","og_site_name":"Visit Varenna","article_modified_time":"2025-06-23T14:46:59+00:00","twitter_card":"summary_large_image","schema":{"@context":"https:\/\/schema.org","@graph":[{"@type":"WebPage","@id":"https:\/\/varenna.visitlakecomo.info\/fr\/territoire\/chateau-de-vezio","url":"https:\/\/varenna.visitlakecomo.info\/fr\/territoire\/chateau-de-vezio","name":"Ch\u00e2teau de Vezio \u00e0 Varenna : ancienne forteresse m\u00e9di\u00e9vale","isPartOf":{"@id":"https:\/\/varenna.visitlakecomo.info\/#website"},"datePublished":"2025-05-19T15:22:09+00:00","dateModified":"2025-06-23T14:46:59+00:00","description":"Explorez le ch\u00e2teau de Vezio \u00e0 Varenna, ancienne forteresse m\u00e9di\u00e9vale ouverte \u00e0 la visite, et d\u00e9couvrez les Fant\u00f4mes de Vezio.","breadcrumb":{"@id":"https:\/\/varenna.visitlakecomo.info\/fr\/territoire\/chateau-de-vezio#breadcrumb"},"inLanguage":"fr-FR","potentialAction":[{"@type":"ReadAction","target":["https:\/\/varenna.visitlakecomo.info\/fr\/territoire\/chateau-de-vezio"]}]},{"@type":"BreadcrumbList","@id":"https:\/\/varenna.visitlakecomo.info\/fr\/territoire\/chateau-de-vezio#breadcrumb","itemListElement":[{"@type":"ListItem","position":1,"name":"Home","item":"https:\/\/varenna.visitlakecomo.info\/fr"},{"@type":"ListItem","position":2,"name":"Territoire","item":"https:\/\/varenna.visitlakecomo.info\/fr\/territoire"},{"@type":"ListItem","position":3,"name":"Ch\u00e2teau de Vezio"}]},{"@type":"WebSite","@id":"https:\/\/varenna.visitlakecomo.info\/#website","url":"https:\/\/varenna.visitlakecomo.info\/","name":"Visit Varenna","description":"","potentialAction":[{"@type":"SearchAction","target":{"@type":"EntryPoint","urlTemplate":"https:\/\/varenna.visitlakecomo.info\/?s={search_term_string}"},"query-input":{"@type":"PropertyValueSpecification","valueRequired":true,"valueName":"search_term_string"}}],"inLanguage":"fr-FR"}]}},"_links":{"self":[{"href":"https:\/\/varenna.visitlakecomo.info\/fr\/wp-json\/wp\/v2\/pages\/1446","targetHints":{"allow":["GET"]}}],"collection":[{"href":"https:\/\/varenna.visitlakecomo.info\/fr\/wp-json\/wp\/v2\/pages"}],"about":[{"href":"https:\/\/varenna.visitlakecomo.info\/fr\/wp-json\/wp\/v2\/types\/page"}],"author":[{"embeddable":true,"href":"https:\/\/varenna.visitlakecomo.info\/fr\/wp-json\/wp\/v2\/users\/1"}],"replies":[{"embeddable":true,"href":"https:\/\/varenna.visitlakecomo.info\/fr\/wp-json\/wp\/v2\/comments?post=1446"}],"version-history":[{"count":1,"href":"https:\/\/varenna.visitlakecomo.info\/fr\/wp-json\/wp\/v2\/pages\/1446\/revisions"}],"predecessor-version":[{"id":1447,"href":"https:\/\/varenna.visitlakecomo.info\/fr\/wp-json\/wp\/v2\/pages\/1446\/revisions\/1447"}],"up":[{"embeddable":true,"href":"https:\/\/varenna.visitlakecomo.info\/fr\/wp-json\/wp\/v2\/pages\/1420"}],"wp:attachment":[{"href":"https:\/\/varenna.visitlakecomo.info\/fr\/wp-json\/wp\/v2\/media?parent=1446"}],"curies":[{"name":"wp","href":"https:\/\/api.w.org\/{rel}","templated":true}]}}